  {"id":66819,"date":"2021-06-10T20:33:30","date_gmt":"2021-06-10T20:33:30","guid":{"rendered":"https:\/\/www.tigercat.com\/accessibility-plan\/"},"modified":"2024-05-30T11:13:02","modified_gmt":"2024-05-30T11:13:02","slug":"tillganglighetsplan","status":"publish","type":"page","link":"https:\/\/www.tigercat.com\/sv\/tillganglighetsplan\/","title":{"rendered":"Tillg\u00e4nglighetspolicy och plan f\u00f6r ÐÇ¿Õ´«Ã½ Industries Inc"},"content":{"rendered":"<p>Denna 2014-2021 tillg\u00e4nglighetsplan beskriver de regler och \u00e5tg\u00e4rder som ÐÇ¿Õ´«Ã½ Industries Inc. (\u201dÐÇ¿Õ´«Ã½\u201d) kommer att genomf\u00f6ra f\u00f6r att f\u00f6rb\u00e4ttra m\u00f6jligheterna f\u00f6r personer med funktionsneds\u00e4ttningar.<\/p>\n<h1>\u00c5tagandef\u00f6rklaring<\/h1>\n<p>ÐÇ¿Õ´«Ã½ \u00e5tar sig att behandla alla m\u00e4nniskor p\u00e5 ett s\u00e4tt som l\u00e5ter dem bibeh\u00e5lla sin v\u00e4rdighet och sitt oberoende. Vi tror p\u00e5 integrering och lika m\u00f6jligheter. Vi \u00e5tar oss att i tid m\u00f6ta behoven hos personer med funktionsneds\u00e4ttningar och kommer att g\u00f6ra detta genom att f\u00f6rhindra och avl\u00e4gsna s\u00e5dant som hindrar tillg\u00e4nglighet och uppfyller tillg\u00e4nglighetskraven enligt Accessibility for Ontarians with Disabilities Act (\u201dlagen\u201d).<\/p>\n<h1>Tillg\u00e4nglig n\u00f6dinformation<\/h1>\n<p>ÐÇ¿Õ´«Ã½ \u00e5tar sig att p\u00e5 beg\u00e4ran tillhandah\u00e5lla kunder och klienter med offentligt tillg\u00e4nglig n\u00f6dinformation p\u00e5 ett tillg\u00e4ngligt s\u00e4tt. Vi tillhandah\u00e5ller ocks\u00e5 anst\u00e4llda med funktionsneds\u00e4ttningar individuell n\u00f6dinformation n\u00e4r s\u00e5 kr\u00e4vs.<\/p>\n<h1>Utbildning<\/h1>\n<p>ÐÇ¿Õ´«Ã½ kommer att tillhandah\u00e5lla utbildning avseende Ontarios tillg\u00e4nglighetslagar och m\u00e4nskliga r\u00e4ttigheter d\u00e5 det r\u00f6r personer med funktionsneds\u00e4ttningar. Utbildningen kommer att tillhandah\u00e5llas p\u00e5 det s\u00e4tt som b\u00e4st passar de anst\u00e4lldas uppgifter.<\/p>\n<p>ÐÇ¿Õ´«Ã½ kommer att vidta f\u00f6ljande \u00e5tg\u00e4rder f\u00f6r att s\u00e4kerst\u00e4lla att anst\u00e4llda f\u00e5r den utbildning som kr\u00e4vs f\u00f6r att efterleva Ontarios tillg\u00e4nglighetslagar senast 1 januari 2015:<\/p>\n<ol>\n<li>F\u00f6r att skapa medvetenhet och s\u00e4kerst\u00e4lla efterlevnad kommer ÐÇ¿Õ´«Ã½ tillhandah\u00e5lla AODA-utbildning till alla anst\u00e4llda och beredskapsarbetare som jobbar i Ontario, tillhandah\u00e5ller tj\u00e4nster i Ontario eller interagerar med Ontario-bor. Nyanst\u00e4llda kommer att f\u00e5 denna utbildning som en del av sin arbetsorientering.<\/li>\n<li>Dokumentation kommer att finnas \u00f6ver datum och tillhandah\u00e5llen utbildning samt det antal individet som f\u00e5tt den.<\/li>\n<\/ol>\n<h1>Information och kommunikation<\/h1>\n<p>ÐÇ¿Õ´«Ã½ \u00e5tar sig att tillm\u00f6tesg\u00e5 kommunikationsbehoven hos personer med funktionsneds\u00e4ttningar. Vi kommer att r\u00e5dg\u00f6ra med personer med funktionsneds\u00e4ttningar f\u00f6r att fastst\u00e4lla deras informations- och kommunikationsbehov.<\/p>\n<p>ÐÇ¿Õ´«Ã½ kommer att vidta f\u00f6ljande \u00e5tg\u00e4rder f\u00f6r att alla webbplatser och allt inneh\u00e5ll p\u00e5 dessa webbplatser ska uppfylla kraven i WCAG 2.0, niv\u00e5 A:<\/p>\n<ul>\n<li>ÐÇ¿Õ´«Ã½ kommer att genomf\u00f6ra en omfattande granskning av sina befintliga webbplatser f\u00f6r att identifiera delar som inte uppfyller kraven i WCAG 2.0, niv\u00e5 A. I den grad det \u00e4r rimligen m\u00f6jligt kommer dessa problem att l\u00f6sas kontinuerligt.<\/li>\n<\/ul>\n<p>ÐÇ¿Õ´«Ã½ kommer ocks\u00e5 att skapa ett system f\u00f6r att granska alla nya eller v\u00e4sentligt uppdaterade webbplatser som skapats efter 1 januari 2014.\u00a0 Det kommer att finnas en plan f\u00f6r att n\u00e5 efterlevnad av WCAG 2.0, niv\u00e5 A f\u00f6r allt inneh\u00e5ll s\u00e5 snart som m\u00f6jligt.<\/p>\n<p>F\u00f6r n\u00e4rvarande tar ÐÇ¿Õ´«Ã½ emot feedback fr\u00e5n allm\u00e4nheten skriftligt, via e-post eller telefon. Vi tar ocks\u00e5 emot feedback fr\u00e5n anst\u00e4llda via e-post p\u00e5 AODA@tigercat.com eller en lokal personalrepresentant. ÐÇ¿Õ´«Ã½ kommer att f\u00f6rb\u00e4ttra denna feedback-process genom att vidta f\u00f6ljande \u00e5tg\u00e4rder senast 1 januari 2015:<\/p>\n<p>Vi kommer att informera alla anst\u00e4llda om metoder f\u00f6r att ta emot feedback. Vi kommer ocks\u00e5 att kommunicera att vi \u00e5tar oss att utveckla individuella metoder f\u00f6r kommunikation p\u00e5 beg\u00e4ran.<\/p>\n<p>ÐÇ¿Õ´«Ã½ kommer att vidta f\u00f6ljande steg f\u00f6r att s\u00e4kerst\u00e4lla att all tillg\u00e4nglig information g\u00f6rs tillg\u00e4nglig p\u00e5 beg\u00e4rans senast 1 januari 2016:<\/p>\n<ul>\n<li>Vi kommer att l\u00e4gga upp ett meddelande p\u00e5 v\u00e5r webbplats som talar om att vi g\u00f6r information tillg\u00e4nglig f\u00f6r allm\u00e4nheten p\u00e5 beg\u00e4ran.<\/li>\n<li>Vi kommer att utveckla ett system f\u00f6r att ta emot och bearbeta s\u00e5dana f\u00f6rfr\u00e5gningar och kommer p\u00e5 v\u00e5r webbplats inkludera information om p\u00e5 vilket s\u00e4tt allm\u00e4nheten kan skicka beg\u00e4randen om tillg\u00e4nglig information.<\/li>\n<\/ul>\n<p>ÐÇ¿Õ´«Ã½ kommer att vidta f\u00f6ljande \u00e5tg\u00e4rder f\u00f6r att alla webbplatser och allt inneh\u00e5ll ska uppfylla kraven i WCAG 2.0, niv\u00e5 AA senast 1 januari 2021:<\/p>\n<ul>\n<li>Senast 1 januari 2019 kommer ÐÇ¿Õ´«Ã½ granska sina webbplatser f\u00f6r att identifiera problem med efterlevnad i enlighet med WCAG 2.0, niv\u00e5 AA.<\/li>\n<li>Baserat p\u00e5 granskningsresultaten kommer ÐÇ¿Õ´«Ã½ arbeta f\u00f6r att s\u00e4kerst\u00e4lla att senast 1 januari 2021 kommer alla webbplatser och allt inneh\u00e5ll som publicerats p\u00e5 dessa webbplatser efter 1 januari 2012 uppfyller kraven i WCAG 2.0, niv\u00e5 AA, f\u00f6rutom undertexter i livevideor eller ljudbeskrivningar av f\u00f6rinspelade videor.<\/li>\n<\/ul>\n<h1>Anst\u00e4llning<\/h1>\n<p>\u00a0<\/p>\n<p>ÐÇ¿Õ´«Ã½ \u00e5tar sig att anv\u00e4nda r\u00e4ttvisa och tillg\u00e4ngliga anst\u00e4llningsf\u00f6rfaranden. Vi kommer att vidta f\u00f6ljande \u00e5tg\u00e4rder f\u00f6r att meddela allm\u00e4nheten och anst\u00e4llda att vi, p\u00e5 beg\u00e4ran, kommer att ta emot personer med funktionsneds\u00e4ttningar under rekryteringsprocessen och n\u00e4r personer anst\u00e4lls.\u00a0 Senast 1 januari 2016:<\/p>\n<ul>\n<li>Kommer vi att inkludera ett uttalande i alla jobbannonser som meddelar v\u00e5rt \u00e5tagande f\u00f6r tillg\u00e4ngliga rekryterings- och anst\u00e4llningsprocesser och uppmuntra personer med fr\u00e5gor avseende tillg\u00e4nglighet att ta upp dem med oss.<\/li>\n<li>Vi kommer att inkludera ett liknande uttalande i v\u00e5r skriftliga korrespondens med jobbkandidater under rekryterings- och utv\u00e4rderingsprocessen.<\/li>\n<li>Vid anst\u00e4llningstillf\u00e4llet kommer vi att informera om de resurser som finns tillg\u00e4ngliga f\u00f6r anst\u00e4llda med funktionsneds\u00e4ttningar.<\/li>\n<\/ul>\n<p>ÐÇ¿Õ´«Ã½ kommer att vidta f\u00f6ljande \u00e5tg\u00e4rder f\u00f6r att utveckla och inf\u00f6ra en process f\u00f6r att ta fram individuella anpassningsplaner och regler f\u00f6r \u00e5terg\u00e5ng till arbete f\u00f6r anst\u00e4llda som varit fr\u00e5nvarande p\u00e5 grund av en funktionsneds\u00e4ttning:<\/p>\n<ul>\n<li>Vi kommer att genomf\u00f6ra en omfattande granskning av v\u00e5ra aktuella f\u00f6rfaranden, inklusive en genomg\u00e5ng av v\u00e5r \u00c5terg\u00e5 till arbetet-policy samt relaterade processer.<\/li>\n<li>Vi kommer att arbeta tillsammans med v\u00e5ra anst\u00e4llda f\u00f6r att skapa en process f\u00f6r att ta emot och hantera beg\u00e4randen om \u00e4ndrade arbetsuppl\u00e4gg.<\/li>\n<li>Vi kommer att hantera beg\u00e4randen om \u00e4ndrat arbete fr\u00e5n fall till fall och, tillsammans med den anst\u00e4llde som p\u00e5verkas, ta fram individuella planer i enlighet med vilka uppgifter som beh\u00f6ver anpassas eller omtilldelas vid behov.<\/li>\n<li>Vi kommer att utbilda arbetsledare, vid behov, s\u00e5 att de f\u00f6rst\u00e5r hur de b\u00e4st kan st\u00f6dja anst\u00e4llda med funktionsneds\u00e4ttningar.<\/li>\n<\/ul>\n<p>Vi kommer att vidta f\u00f6ljande \u00e5tg\u00e4rder f\u00f6r att s\u00e4kerst\u00e4lla att tillg\u00e4nglighet f\u00f6r anst\u00e4llda med funktionsneds\u00e4ttningar tillgodoses i samband med prestandahantering, karri\u00e4rsutveckling och omplaceringsprocesser:<\/p>\n<ul>\n<li>Vi kommer att tillm\u00f6tesg\u00e5 alla individuella \u00f6nskem\u00e5l om tillg\u00e4ngliga format f\u00f6r prestanda- och karri\u00e4rsutvecklingsprocesser.<\/li>\n<li>Vi kommer att kommunicera och framh\u00e4va vikten av att fokusera p\u00e5 framsteg snarare \u00e4n f\u00f6rm\u00e5ga eller funktionsneds\u00e4ttning och beh\u00e5lla och befordra anst\u00e4llda baserat p\u00e5 konsekventa, objektiva kriterier.<\/li>\n<li>Vi kommer att fastst\u00e4lla om ytterligare utbildningsresurser kr\u00e4vs f\u00f6r anst\u00e4llda med funktionsneds\u00e4ttningar f\u00f6r att s\u00e4kerst\u00e4lla att de har samma utvecklingsm\u00f6jligheter som andra.<\/li>\n<li>Vi kommer att s\u00e4kerst\u00e4lla att m\u00f6jligheter till f\u00f6rflyttning och befordran tillhandah\u00e5lls i tillg\u00e4ngliga format.<\/li>\n<\/ul>\n<p>ÐÇ¿Õ´«Ã½ kommer att vidta f\u00f6ljande \u00e5tg\u00e4rder f\u00f6r att f\u00f6rhindra och avl\u00e4gsna andra identifierade tillg\u00e4nglighetsbarri\u00e4rer:<\/p>\n<ul>\n<li>N\u00e4r regler granskas kommer ÐÇ¿Õ´«Ã½ att ha i \u00e5tanke hur dessa regler kan \u00e4ndras f\u00f6r att inkludera tillg\u00e4nglighetskoncept.<\/li>\n<li>I den grad regel- och drifts\u00e4ndringar \u00e4r ber\u00e4ttigade efter granskningen kommer vi att utf\u00f6ra dessa \u00e4ndringar och kommunicera alla viktiga \u00e4ndringar till v\u00e5ra anst\u00e4llda.<\/li>\n<\/ul>\n<h1>F\u00f6r mer information<\/h1>\n<p>F\u00f6r mer information om denna tillg\u00e4nglighetsplan, eller f\u00f6r att beg\u00e4ra tillg\u00e4ngliga format av detta dokument, kontakta ÐÇ¿Õ´«Ã½ p\u00e5 f\u00f6ljande s\u00e4tt:<\/p>\n<h2>ÐÇ¿Õ´«Ã½-anst\u00e4llda:<\/h2>\n<p>Kontakta en representant p\u00e5 din lokala personalavdelning.<\/p>\n<h2>ÐÇ¿Õ´«Ã½-kunder, konsumenter, \u00e5terf\u00f6rs\u00e4ljare och andra ur allm\u00e4nheten:<\/h2>\n<p>Kontakta ÐÇ¿Õ´«Ã½s personalavdelning per telefon p\u00e5 1-519-650-5000, per post p\u00e5 ÐÇ¿Õ´«Ã½ Industries, Attn: Tillg\u00e4nglighet hos ÐÇ¿Õ´«Ã½, 40 Consolidated Drive, Paris, ON N3L 3T6, eller via e-post p\u00e5 AODA@tigercat.com<\/p>\n","protected":false},"excerpt":{"rendered":"","protected":false},"author":7,"featured_media":0,"parent":0,"menu_order":0,"comment_status":"closed","ping_status":"closed","template":"","meta":{"_acf_changed":false,"_lmt_disableupdate":"","_lmt_disable":"","footnotes":""},"class_list":["post-66819","page","type-page","status-publish","hentry"],"acf":[],"yoast_head":"<!-- This site is optimized with the Yoast SEO Premium plugin v27.2 (Yoast SEO v27.2) - https:\/\/yoast.com\/product\/yoast-seo-premium-wordpress\/ -->\n<title>Tillg\u00e4nglighetspolicy och plan f\u00f6r ÐÇ¿Õ´«Ã½ Industries Inc - ÐÇ¿Õ´«Ã½<\/title>\n<meta name=\"description\" content=\"Denna tillg\u00e4nglighetsplan beskriver de regler och \u00e5tg\u00e4rder som ÐÇ¿Õ´«Ã½ inf\u00f6rt f\u00f6r att f\u00f6rb\u00e4ttra m\u00f6jligheterna f\u00f6r personer med funktionsneds\u00e4ttningar.\" \/>\n<meta name=\"robots\" content=\"index, follow, max-snippet:-1, max-image-preview:large, max-video-preview:-1\" \/>\n<link rel=\"canonical\" href=\"https:\/\/www.tigercat.com\/sv\/tillganglighetsplan\/\" \/>\n<meta property=\"og:locale\" content=\"en_US\" \/>\n<meta property=\"og:type\" content=\"article\" \/>\n<meta property=\"og:title\" content=\"Tillg\u00e4nglighetspolicy och plan f\u00f6r ÐÇ¿Õ´«Ã½ Industries Inc\" \/>\n<meta property=\"og:description\" content=\"Denna tillg\u00e4nglighetsplan beskriver de regler och \u00e5tg\u00e4rder som ÐÇ¿Õ´«Ã½ inf\u00f6rt f\u00f6r att f\u00f6rb\u00e4ttra m\u00f6jligheterna f\u00f6r personer med funktionsneds\u00e4ttningar.\" \/>\n<meta property=\"og:url\" content=\"https:\/\/www.tigercat.com\/sv\/tillganglighetsplan\/\" \/>\n<meta property=\"og:site_name\" content=\"ÐÇ¿Õ´«Ã½\" \/>\n<meta property=\"article:publisher\" content=\"http:\/\/www.facebook.com\/ÐÇ¿Õ´«Ã½\/\" \/>\n<meta property=\"article:modified_time\" content=\"2024-05-30T11:13:02+00:00\" \/>\n<meta name=\"twitter:label1\" content=\"Est. reading time\" \/>\n\t<meta name=\"twitter:data1\" content=\"7 minutes\" \/>\n<script type=\"application\/ld+json\" class=\"yoast-schema-graph\">{\"@context\":\"https:\/\/schema.org\",\"@graph\":[{\"@type\":\"WebPage\",\"@id\":\"https:\/\/www.tigercat.com\/sv\/tillganglighetsplan\/\",\"url\":\"https:\/\/www.tigercat.com\/sv\/tillganglighetsplan\/\",\"name\":\"Tillg\u00e4nglighetspolicy och plan f\u00f6r ÐÇ¿Õ´«Ã½ Industries Inc - ÐÇ¿Õ´«Ã½\",\"isPartOf\":{\"@id\":\"https:\/\/www.tigercat.com\/sv\/#website\"},\"datePublished\":\"2021-06-10T20:33:30+00:00\",\"dateModified\":\"2024-05-30T11:13:02+00:00\",\"description\":\"Denna tillg\u00e4nglighetsplan beskriver de regler och \u00e5tg\u00e4rder som ÐÇ¿Õ´«Ã½ inf\u00f6rt f\u00f6r att f\u00f6rb\u00e4ttra m\u00f6jligheterna f\u00f6r personer med funktionsneds\u00e4ttningar.\",\"breadcrumb\":{\"@id\":\"https:\/\/www.tigercat.com\/sv\/tillganglighetsplan\/#breadcrumb\"},\"inLanguage\":\"sv\",\"potentialAction\":[{\"@type\":\"ReadAction\",\"target\":[\"https:\/\/www.tigercat.com\/sv\/tillganglighetsplan\/\"]}]},{\"@type\":\"BreadcrumbList\",\"@id\":\"https:\/\/www.tigercat.com\/sv\/tillganglighetsplan\/#breadcrumb\",\"itemListElement\":[{\"@type\":\"ListItem\",\"position\":1,\"name\":\"Home\",\"item\":\"https:\/\/www.tigercat.com\/sv\/\"},{\"@type\":\"ListItem\",\"position\":2,\"name\":\"Tillg\u00e4nglighetspolicy och plan f\u00f6r ÐÇ¿Õ´«Ã½ Industries Inc\"}]},{\"@type\":\"WebSite\",\"@id\":\"https:\/\/www.tigercat.com\/sv\/#website\",\"url\":\"https:\/\/www.tigercat.com\/sv\/\",\"name\":\"%%title%%\",\"description\":\"\",\"publisher\":{\"@id\":\"https:\/\/www.tigercat.com\/sv\/#organization\"},\"potentialAction\":[{\"@type\":\"SearchAction\",\"target\":{\"@type\":\"EntryPoint\",\"urlTemplate\":\"https:\/\/www.tigercat.com\/sv\/?s={search_term_string}\"},\"query-input\":{\"@type\":\"PropertyValueSpecification\",\"valueRequired\":true,\"valueName\":\"search_term_string\"}}],\"inLanguage\":\"sv\"},{\"@type\":\"Organization\",\"@id\":\"https:\/\/www.tigercat.com\/sv\/#organization\",\"name\":\"ÐÇ¿Õ´«Ã½ Industries Inc\",\"url\":\"https:\/\/www.tigercat.com\/sv\/\",\"logo\":{\"@type\":\"ImageObject\",\"inLanguage\":\"sv\",\"@id\":\"https:\/\/www.tigercat.com\/sv\/#\/schema\/logo\/image\/\",\"url\":\"https:\/\/www.tigercat.com\/wp-content\/uploads\/2017\/04\/tigercat_logo_700.png\",\"contentUrl\":\"https:\/\/www.tigercat.com\/wp-content\/uploads\/2017\/04\/tigercat_logo_700.png\",\"width\":700,\"height\":186,\"caption\":\"ÐÇ¿Õ´«Ã½ Industries Inc\"},\"image\":{\"@id\":\"https:\/\/www.tigercat.com\/sv\/#\/schema\/logo\/image\/\"},\"sameAs\":[\"http:\/\/www.facebook.com\/ÐÇ¿Õ´«Ã½\/\",\"http:\/\/www.linkedin.com\/company\/tigercat-inc-?trk=top_nav_home\",\"http:\/\/www.youtube.com\/user\/ÐÇ¿Õ´«Ã½Forestry\",\"https:\/\/www.instagram.com\/tigercat_machines\/\"]}]}<\/script>\n<!-- \/ Yoast SEO Premium plugin. -->","yoast_head_json":{"title":"Tillg\u00e4nglighetspolicy och plan f\u00f6r ÐÇ¿Õ´«Ã½ Industries Inc - ÐÇ¿Õ´«Ã½","description":"Denna tillg\u00e4nglighetsplan beskriver de regler och \u00e5tg\u00e4rder som ÐÇ¿Õ´«Ã½ inf\u00f6rt f\u00f6r att f\u00f6rb\u00e4ttra m\u00f6jligheterna f\u00f6r personer med funktionsneds\u00e4ttningar.","robots":{"index":"index","follow":"follow","max-snippet":"max-snippet:-1","max-image-preview":"max-image-preview:large","max-video-preview":"max-video-preview:-1"},"canonical":"https:\/\/www.tigercat.com\/sv\/tillganglighetsplan\/","og_locale":"en_US","og_type":"article","og_title":"Tillg\u00e4nglighetspolicy och plan f\u00f6r ÐÇ¿Õ´«Ã½ Industries Inc","og_description":"Denna tillg\u00e4nglighetsplan beskriver de regler och \u00e5tg\u00e4rder som ÐÇ¿Õ´«Ã½ inf\u00f6rt f\u00f6r att f\u00f6rb\u00e4ttra m\u00f6jligheterna f\u00f6r personer med funktionsneds\u00e4ttningar.","og_url":"https:\/\/www.tigercat.com\/sv\/tillganglighetsplan\/","og_site_name":"ÐÇ¿Õ´«Ã½","article_publisher":"http:\/\/www.facebook.com\/ÐÇ¿Õ´«Ã½\/","article_modified_time":"2024-05-30T11:13:02+00:00","twitter_misc":{"Est. reading time":"7 minutes"},"schema":{"@context":"https:\/\/schema.org","@graph":[{"@type":"WebPage","@id":"https:\/\/www.tigercat.com\/sv\/tillganglighetsplan\/","url":"https:\/\/www.tigercat.com\/sv\/tillganglighetsplan\/","name":"Tillg\u00e4nglighetspolicy och plan f\u00f6r ÐÇ¿Õ´«Ã½ Industries Inc - ÐÇ¿Õ´«Ã½","isPartOf":{"@id":"https:\/\/www.tigercat.com\/sv\/#website"},"datePublished":"2021-06-10T20:33:30+00:00","dateModified":"2024-05-30T11:13:02+00:00","description":"Denna tillg\u00e4nglighetsplan beskriver de regler och \u00e5tg\u00e4rder som ÐÇ¿Õ´«Ã½ inf\u00f6rt f\u00f6r att f\u00f6rb\u00e4ttra m\u00f6jligheterna f\u00f6r personer med funktionsneds\u00e4ttningar.","breadcrumb":{"@id":"https:\/\/www.tigercat.com\/sv\/tillganglighetsplan\/#breadcrumb"},"inLanguage":"sv","potentialAction":[{"@type":"ReadAction","target":["https:\/\/www.tigercat.com\/sv\/tillganglighetsplan\/"]}]},{"@type":"BreadcrumbList","@id":"https:\/\/www.tigercat.com\/sv\/tillganglighetsplan\/#breadcrumb","itemListElement":[{"@type":"ListItem","position":1,"name":"Home","item":"https:\/\/www.tigercat.com\/sv\/"},{"@type":"ListItem","position":2,"name":"Tillg\u00e4nglighetspolicy och plan f\u00f6r ÐÇ¿Õ´«Ã½ Industries Inc"}]},{"@type":"WebSite","@id":"https:\/\/www.tigercat.com\/sv\/#website","url":"https:\/\/www.tigercat.com\/sv\/","name":"%%title%%","description":"","publisher":{"@id":"https:\/\/www.tigercat.com\/sv\/#organization"},"potentialAction":[{"@type":"SearchAction","target":{"@type":"EntryPoint","urlTemplate":"https:\/\/www.tigercat.com\/sv\/?s={search_term_string}"},"query-input":{"@type":"PropertyValueSpecification","valueRequired":true,"valueName":"search_term_string"}}],"inLanguage":"sv"},{"@type":"Organization","@id":"https:\/\/www.tigercat.com\/sv\/#organization","name":"ÐÇ¿Õ´«Ã½ Industries Inc","url":"https:\/\/www.tigercat.com\/sv\/","logo":{"@type":"ImageObject","inLanguage":"sv","@id":"https:\/\/www.tigercat.com\/sv\/#\/schema\/logo\/image\/","url":"https:\/\/www.tigercat.com\/wp-content\/uploads\/2017\/04\/tigercat_logo_700.png","contentUrl":"https:\/\/www.tigercat.com\/wp-content\/uploads\/2017\/04\/tigercat_logo_700.png","width":700,"height":186,"caption":"ÐÇ¿Õ´«Ã½ Industries Inc"},"image":{"@id":"https:\/\/www.tigercat.com\/sv\/#\/schema\/logo\/image\/"},"sameAs":["http:\/\/www.facebook.com\/ÐÇ¿Õ´«Ã½\/","http:\/\/www.linkedin.com\/company\/tigercat-inc-?trk=top_nav_home","http:\/\/www.youtube.com\/user\/ÐÇ¿Õ´«Ã½Forestry","https:\/\/www.instagram.com\/tigercat_machines\/"]}]}},"_links":{"self":[{"href":"https:\/\/www.tigercat.com\/sv\/wp-json\/wp\/v2\/pages\/66819","targetHints":{"allow":["GET"]}}],"collection":[{"href":"https:\/\/www.tigercat.com\/sv\/wp-json\/wp\/v2\/pages"}],"about":[{"href":"https:\/\/www.tigercat.com\/sv\/wp-json\/wp\/v2\/types\/page"}],"author":[{"embeddable":true,"href":"https:\/\/www.tigercat.com\/sv\/wp-json\/wp\/v2\/users\/7"}],"replies":[{"embeddable":true,"href":"https:\/\/www.tigercat.com\/sv\/wp-json\/wp\/v2\/comments?post=66819"}],"version-history":[{"count":0,"href":"https:\/\/www.tigercat.com\/sv\/wp-json\/wp\/v2\/pages\/66819\/revisions"}],"wp:attachment":[{"href":"https:\/\/www.tigercat.com\/sv\/wp-json\/wp\/v2\/media?parent=66819"}],"curies":[{"name":"wp","href":"https:\/\/api.w.org\/{rel}","templated":true}]}}