  {"id":66803,"date":"2014-10-30T10:54:59","date_gmt":"2014-10-30T10:54:59","guid":{"rendered":"https:\/\/www.tigercat.com\/tigercat-support\/"},"modified":"2025-11-17T12:38:23","modified_gmt":"2025-11-17T12:38:23","slug":"tigercat-support","status":"publish","type":"page","link":"https:\/\/www.tigercat.com\/sv\/tigercat-support\/","title":{"rendered":"Produktst\u00f6d"},"content":{"rendered":"","protected":false},"excerpt":{"rendered":"<p>Globalt n\u00e4tverk av \u00e5terf\u00f6rs\u00e4ljare. Lokalt st\u00f6d uppbackat av fabrikerna.<br \/>\nVi finns till hands f\u00f6r er.<\/p>\n","protected":false},"author":7,"featured_media":0,"parent":0,"menu_order":1,"comment_status":"closed","ping_status":"closed","template":"","meta":{"_acf_changed":false,"_lmt_disableupdate":"no","_lmt_disable":"","footnotes":""},"class_list":["post-66803","page","type-page","status-publish","hentry"],"acf":[],"yoast_head":"<!-- This site is optimized with the Yoast SEO Premium plugin v27.2 (Yoast SEO v27.2) - https:\/\/yoast.com\/product\/yoast-seo-premium-wordpress\/ -->\n<title>ÐÇ¿Õ´«Ã½ produktsupport | Vi finns till hands f\u00f6r er<\/title>\n<meta name=\"description\" content=\"Att ÐÇ¿Õ´«Ã½s reservdelar och teknisk support \u00e4r tillg\u00e4ngliga betyder allt. G\u00e5 till ÐÇ¿Õ´«Ã½s globala \u00e5terf\u00f6rs\u00e4ljarn\u00e4tverk f\u00f6r b\u00e4sta service efter f\u00f6rs\u00e4ljning.\" \/>\n<meta name=\"robots\" content=\"index, follow, max-snippet:-1, max-image-preview:large, max-video-preview:-1\" \/>\n<link rel=\"canonical\" href=\"https:\/\/www.tigercat.com\/sv\/tigercat-support\/\" \/>\n<meta property=\"og:locale\" content=\"en_US\" \/>\n<meta property=\"og:type\" content=\"article\" \/>\n<meta property=\"og:title\" content=\"Produktst\u00f6d\" \/>\n<meta property=\"og:description\" content=\"Att ÐÇ¿Õ´«Ã½s reservdelar och teknisk support \u00e4r tillg\u00e4ngliga betyder allt. G\u00e5 till ÐÇ¿Õ´«Ã½s globala \u00e5terf\u00f6rs\u00e4ljarn\u00e4tverk f\u00f6r b\u00e4sta service efter f\u00f6rs\u00e4ljning.\" \/>\n<meta property=\"og:url\" content=\"https:\/\/www.tigercat.com\/sv\/tigercat-support\/\" \/>\n<meta property=\"og:site_name\" content=\"ÐÇ¿Õ´«Ã½\" \/>\n<meta property=\"article:publisher\" content=\"http:\/\/www.facebook.com\/ÐÇ¿Õ´«Ã½\/\" \/>\n<meta property=\"article:modified_time\" content=\"2025-11-17T12:38:23+00:00\" \/>\n<script type=\"application\/ld+json\" class=\"yoast-schema-graph\">{\"@context\":\"https:\/\/schema.org\",\"@graph\":[{\"@type\":\"WebPage\",\"@id\":\"https:\/\/www.tigercat.com\/sv\/tigercat-support\/\",\"url\":\"https:\/\/www.tigercat.com\/sv\/tigercat-support\/\",\"name\":\"ÐÇ¿Õ´«Ã½ produktsupport | Vi finns till hands f\u00f6r er\",\"isPartOf\":{\"@id\":\"https:\/\/www.tigercat.com\/sv\/#website\"},\"datePublished\":\"2014-10-30T10:54:59+00:00\",\"dateModified\":\"2025-11-17T12:38:23+00:00\",\"description\":\"Att ÐÇ¿Õ´«Ã½s reservdelar och teknisk support \u00e4r tillg\u00e4ngliga betyder allt. G\u00e5 till ÐÇ¿Õ´«Ã½s globala \u00e5terf\u00f6rs\u00e4ljarn\u00e4tverk f\u00f6r b\u00e4sta service efter f\u00f6rs\u00e4ljning.\",\"breadcrumb\":{\"@id\":\"https:\/\/www.tigercat.com\/sv\/tigercat-support\/#breadcrumb\"},\"inLanguage\":\"sv\",\"potentialAction\":[{\"@type\":\"ReadAction\",\"target\":[\"https:\/\/www.tigercat.com\/sv\/tigercat-support\/\"]}]},{\"@type\":\"BreadcrumbList\",\"@id\":\"https:\/\/www.tigercat.com\/sv\/tigercat-support\/#breadcrumb\",\"itemListElement\":[{\"@type\":\"ListItem\",\"position\":1,\"name\":\"Home\",\"item\":\"https:\/\/www.tigercat.com\/sv\/\"},{\"@type\":\"ListItem\",\"position\":2,\"name\":\"Produktst\u00f6d\"}]},{\"@type\":\"WebSite\",\"@id\":\"https:\/\/www.tigercat.com\/sv\/#website\",\"url\":\"https:\/\/www.tigercat.com\/sv\/\",\"name\":\"%%title%%\",\"description\":\"\",\"publisher\":{\"@id\":\"https:\/\/www.tigercat.com\/sv\/#organization\"},\"potentialAction\":[{\"@type\":\"SearchAction\",\"target\":{\"@type\":\"EntryPoint\",\"urlTemplate\":\"https:\/\/www.tigercat.com\/sv\/?s={search_term_string}\"},\"query-input\":{\"@type\":\"PropertyValueSpecification\",\"valueRequired\":true,\"valueName\":\"search_term_string\"}}],\"inLanguage\":\"sv\"},{\"@type\":\"Organization\",\"@id\":\"https:\/\/www.tigercat.com\/sv\/#organization\",\"name\":\"ÐÇ¿Õ´«Ã½ Industries Inc\",\"url\":\"https:\/\/www.tigercat.com\/sv\/\",\"logo\":{\"@type\":\"ImageObject\",\"inLanguage\":\"sv\",\"@id\":\"https:\/\/www.tigercat.com\/sv\/#\/schema\/logo\/image\/\",\"url\":\"https:\/\/www.tigercat.com\/wp-content\/uploads\/2017\/04\/tigercat_logo_700.png\",\"contentUrl\":\"https:\/\/www.tigercat.com\/wp-content\/uploads\/2017\/04\/tigercat_logo_700.png\",\"width\":700,\"height\":186,\"caption\":\"ÐÇ¿Õ´«Ã½ Industries Inc\"},\"image\":{\"@id\":\"https:\/\/www.tigercat.com\/sv\/#\/schema\/logo\/image\/\"},\"sameAs\":[\"http:\/\/www.facebook.com\/ÐÇ¿Õ´«Ã½\/\",\"http:\/\/www.linkedin.com\/company\/tigercat-inc-?trk=top_nav_home\",\"http:\/\/www.youtube.com\/user\/ÐÇ¿Õ´«Ã½Forestry\",\"https:\/\/www.instagram.com\/tigercat_machines\/\"]}]}<\/script>\n<!-- \/ Yoast SEO Premium plugin. -->","yoast_head_json":{"title":"ÐÇ¿Õ´«Ã½ produktsupport | Vi finns till hands f\u00f6r er","description":"Att ÐÇ¿Õ´«Ã½s reservdelar och teknisk support \u00e4r tillg\u00e4ngliga betyder allt. G\u00e5 till ÐÇ¿Õ´«Ã½s globala \u00e5terf\u00f6rs\u00e4ljarn\u00e4tverk f\u00f6r b\u00e4sta service efter f\u00f6rs\u00e4ljning.","robots":{"index":"index","follow":"follow","max-snippet":"max-snippet:-1","max-image-preview":"max-image-preview:large","max-video-preview":"max-video-preview:-1"},"canonical":"https:\/\/www.tigercat.com\/sv\/tigercat-support\/","og_locale":"en_US","og_type":"article","og_title":"Produktst\u00f6d","og_description":"Att ÐÇ¿Õ´«Ã½s reservdelar och teknisk support \u00e4r tillg\u00e4ngliga betyder allt. G\u00e5 till ÐÇ¿Õ´«Ã½s globala \u00e5terf\u00f6rs\u00e4ljarn\u00e4tverk f\u00f6r b\u00e4sta service efter f\u00f6rs\u00e4ljning.","og_url":"https:\/\/www.tigercat.com\/sv\/tigercat-support\/","og_site_name":"ÐÇ¿Õ´«Ã½","article_publisher":"http:\/\/www.facebook.com\/ÐÇ¿Õ´«Ã½\/","article_modified_time":"2025-11-17T12:38:23+00:00","schema":{"@context":"https:\/\/schema.org","@graph":[{"@type":"WebPage","@id":"https:\/\/www.tigercat.com\/sv\/tigercat-support\/","url":"https:\/\/www.tigercat.com\/sv\/tigercat-support\/","name":"ÐÇ¿Õ´«Ã½ produktsupport | Vi finns till hands f\u00f6r er","isPartOf":{"@id":"https:\/\/www.tigercat.com\/sv\/#website"},"datePublished":"2014-10-30T10:54:59+00:00","dateModified":"2025-11-17T12:38:23+00:00","description":"Att ÐÇ¿Õ´«Ã½s reservdelar och teknisk support \u00e4r tillg\u00e4ngliga betyder allt. G\u00e5 till ÐÇ¿Õ´«Ã½s globala \u00e5terf\u00f6rs\u00e4ljarn\u00e4tverk f\u00f6r b\u00e4sta service efter f\u00f6rs\u00e4ljning.","breadcrumb":{"@id":"https:\/\/www.tigercat.com\/sv\/tigercat-support\/#breadcrumb"},"inLanguage":"sv","potentialAction":[{"@type":"ReadAction","target":["https:\/\/www.tigercat.com\/sv\/tigercat-support\/"]}]},{"@type":"BreadcrumbList","@id":"https:\/\/www.tigercat.com\/sv\/tigercat-support\/#breadcrumb","itemListElement":[{"@type":"ListItem","position":1,"name":"Home","item":"https:\/\/www.tigercat.com\/sv\/"},{"@type":"ListItem","position":2,"name":"Produktst\u00f6d"}]},{"@type":"WebSite","@id":"https:\/\/www.tigercat.com\/sv\/#website","url":"https:\/\/www.tigercat.com\/sv\/","name":"%%title%%","description":"","publisher":{"@id":"https:\/\/www.tigercat.com\/sv\/#organization"},"potentialAction":[{"@type":"SearchAction","target":{"@type":"EntryPoint","urlTemplate":"https:\/\/www.tigercat.com\/sv\/?s={search_term_string}"},"query-input":{"@type":"PropertyValueSpecification","valueRequired":true,"valueName":"search_term_string"}}],"inLanguage":"sv"},{"@type":"Organization","@id":"https:\/\/www.tigercat.com\/sv\/#organization","name":"ÐÇ¿Õ´«Ã½ Industries Inc","url":"https:\/\/www.tigercat.com\/sv\/","logo":{"@type":"ImageObject","inLanguage":"sv","@id":"https:\/\/www.tigercat.com\/sv\/#\/schema\/logo\/image\/","url":"https:\/\/www.tigercat.com\/wp-content\/uploads\/2017\/04\/tigercat_logo_700.png","contentUrl":"https:\/\/www.tigercat.com\/wp-content\/uploads\/2017\/04\/tigercat_logo_700.png","width":700,"height":186,"caption":"ÐÇ¿Õ´«Ã½ Industries Inc"},"image":{"@id":"https:\/\/www.tigercat.com\/sv\/#\/schema\/logo\/image\/"},"sameAs":["http:\/\/www.facebook.com\/ÐÇ¿Õ´«Ã½\/","http:\/\/www.linkedin.com\/company\/tigercat-inc-?trk=top_nav_home","http:\/\/www.youtube.com\/user\/ÐÇ¿Õ´«Ã½Forestry","https:\/\/www.instagram.com\/tigercat_machines\/"]}]}},"_links":{"self":[{"href":"https:\/\/www.tigercat.com\/sv\/wp-json\/wp\/v2\/pages\/66803","targetHints":{"allow":["GET"]}}],"collection":[{"href":"https:\/\/www.tigercat.com\/sv\/wp-json\/wp\/v2\/pages"}],"about":[{"href":"https:\/\/www.tigercat.com\/sv\/wp-json\/wp\/v2\/types\/page"}],"author":[{"embeddable":true,"href":"https:\/\/www.tigercat.com\/sv\/wp-json\/wp\/v2\/users\/7"}],"replies":[{"embeddable":true,"href":"https:\/\/www.tigercat.com\/sv\/wp-json\/wp\/v2\/comments?post=66803"}],"version-history":[{"count":0,"href":"https:\/\/www.tigercat.com\/sv\/wp-json\/wp\/v2\/pages\/66803\/revisions"}],"wp:attachment":[{"href":"https:\/\/www.tigercat.com\/sv\/wp-json\/wp\/v2\/media?parent=66803"}],"curies":[{"name":"wp","href":"https:\/\/api.w.org\/{rel}","templated":true}]}}