  {"id":66799,"date":"2014-08-04T13:40:20","date_gmt":"2014-08-04T13:40:20","guid":{"rendered":"https:\/\/www.tigercat.com\/dealers\/"},"modified":"2025-05-21T10:35:05","modified_gmt":"2025-05-21T10:35:05","slug":"aterforsaljare","status":"publish","type":"page","link":"https:\/\/www.tigercat.com\/sv\/aterforsaljare\/","title":{"rendered":"ÐÇ¿Õ´«Ã½s | TCi-\u00e5terf\u00f6rs\u00e4ljare i hela v\u00e4rlden"},"content":{"rendered":"","protected":false},"excerpt":{"rendered":"<p>Lokala, fabriksbaserade delar och servicesupport \u00e4r nyckeln f\u00f6r att uppn\u00e5 den h\u00f6gsta niv\u00e5n av driftstid och tillg\u00e4nglighet f\u00f6r maskiner. ÐÇ¿Õ´«Ã½s starka \u00e5terf\u00f6rs\u00e4ljarn\u00e4tverk str\u00e4cker sig runt hela jorden. Hitta din ÐÇ¿Õ´«Ã½- eller TCi-\u00e5terf\u00f6rs\u00e4ljare h\u00e4r.<\/p>\n","protected":false},"author":8,"featured_media":404,"parent":0,"menu_order":18,"comment_status":"closed","ping_status":"closed","template":"page-dealers.php","meta":{"_acf_changed":false,"_lmt_disableupdate":"","_lmt_disable":"","footnotes":""},"class_list":["post-66799","page","type-page","status-publish","has-post-thumbnail","hentry"],"acf":[],"yoast_head":"<!-- This site is optimized with the Yoast SEO Premium plugin v27.2 (Yoast SEO v27.2) - https:\/\/yoast.com\/product\/yoast-seo-premium-wordpress\/ -->\n<title>ÐÇ¿Õ´«Ã½- och TCi-\u00e5terf\u00f6rs\u00e4ljare | V\u00e4rldsomfattande lokaliserare | Distribut\u00f6r | ÐÇ¿Õ´«Ã½<\/title>\n<meta name=\"description\" content=\"\u00c5terf\u00f6rs\u00e4ljare av ÐÇ¿Õ´«Ã½- och TCi-utrustning f\u00f6r skogsbruk, industri och materialbearbetning finns i hela v\u00e4rlden. Hitta din n\u00e4rmaste \u00e5terf\u00f6rs\u00e4ljare h\u00e4r.\" \/>\n<meta name=\"robots\" content=\"index, follow, max-snippet:-1, max-image-preview:large, max-video-preview:-1\" \/>\n<link rel=\"canonical\" href=\"https:\/\/www.tigercat.com\/sv\/aterforsaljare\/\" \/>\n<meta property=\"og:locale\" content=\"en_US\" \/>\n<meta property=\"og:type\" content=\"article\" \/>\n<meta property=\"og:title\" content=\"ÐÇ¿Õ´«Ã½s | TCi-\u00e5terf\u00f6rs\u00e4ljare i hela v\u00e4rlden\" \/>\n<meta property=\"og:description\" content=\"\u00c5terf\u00f6rs\u00e4ljare av ÐÇ¿Õ´«Ã½- och TCi-utrustning f\u00f6r skogsbruk, industri och materialbearbetning finns i hela v\u00e4rlden. Hitta din n\u00e4rmaste \u00e5terf\u00f6rs\u00e4ljare h\u00e4r.\" \/>\n<meta property=\"og:url\" content=\"https:\/\/www.tigercat.com\/sv\/aterforsaljare\/\" \/>\n<meta property=\"og:site_name\" content=\"ÐÇ¿Õ´«Ã½\" \/>\n<meta property=\"article:publisher\" content=\"http:\/\/www.facebook.com\/ÐÇ¿Õ´«Ã½\/\" \/>\n<meta property=\"article:modified_time\" content=\"2025-05-21T10:35:05+00:00\" \/>\n<meta property=\"og:image\" content=\"https:\/\/www.tigercat.com\/wp-content\/uploads\/2014\/08\/img-dealer-locator.jpg\" \/>\n\t<meta property=\"og:image:width\" content=\"2000\" \/>\n\t<meta property=\"og:image:height\" content=\"393\" \/>\n\t<meta property=\"og:image:type\" content=\"image\/jpeg\" \/>\n<script type=\"application\/ld+json\" class=\"yoast-schema-graph\">{\"@context\":\"https:\/\/schema.org\",\"@graph\":[{\"@type\":\"WebPage\",\"@id\":\"https:\/\/www.tigercat.com\/sv\/aterforsaljare\/\",\"url\":\"https:\/\/www.tigercat.com\/sv\/aterforsaljare\/\",\"name\":\"ÐÇ¿Õ´«Ã½- och TCi-\u00e5terf\u00f6rs\u00e4ljare | V\u00e4rldsomfattande lokaliserare | Distribut\u00f6r | ÐÇ¿Õ´«Ã½\",\"isPartOf\":{\"@id\":\"https:\/\/www.tigercat.com\/sv\/#website\"},\"primaryImageOfPage\":{\"@id\":\"https:\/\/www.tigercat.com\/sv\/aterforsaljare\/#primaryimage\"},\"image\":{\"@id\":\"https:\/\/www.tigercat.com\/sv\/aterforsaljare\/#primaryimage\"},\"thumbnailUrl\":\"https:\/\/www.tigercat.com\/wp-content\/uploads\/2014\/08\/img-dealer-locator.jpg\",\"datePublished\":\"2014-08-04T13:40:20+00:00\",\"dateModified\":\"2025-05-21T10:35:05+00:00\",\"description\":\"\u00c5terf\u00f6rs\u00e4ljare av ÐÇ¿Õ´«Ã½- och TCi-utrustning f\u00f6r skogsbruk, industri och materialbearbetning finns i hela v\u00e4rlden. Hitta din n\u00e4rmaste \u00e5terf\u00f6rs\u00e4ljare h\u00e4r.\",\"breadcrumb\":{\"@id\":\"https:\/\/www.tigercat.com\/sv\/aterforsaljare\/#breadcrumb\"},\"inLanguage\":\"sv\",\"potentialAction\":[{\"@type\":\"ReadAction\",\"target\":[\"https:\/\/www.tigercat.com\/sv\/aterforsaljare\/\"]}]},{\"@type\":\"ImageObject\",\"inLanguage\":\"sv\",\"@id\":\"https:\/\/www.tigercat.com\/sv\/aterforsaljare\/#primaryimage\",\"url\":\"https:\/\/www.tigercat.com\/wp-content\/uploads\/2014\/08\/img-dealer-locator.jpg\",\"contentUrl\":\"https:\/\/www.tigercat.com\/wp-content\/uploads\/2014\/08\/img-dealer-locator.jpg\",\"width\":2000,\"height\":393},{\"@type\":\"BreadcrumbList\",\"@id\":\"https:\/\/www.tigercat.com\/sv\/aterforsaljare\/#breadcrumb\",\"itemListElement\":[{\"@type\":\"ListItem\",\"position\":1,\"name\":\"Home\",\"item\":\"https:\/\/www.tigercat.com\/sv\/\"},{\"@type\":\"ListItem\",\"position\":2,\"name\":\"ÐÇ¿Õ´«Ã½s | TCi-\u00e5terf\u00f6rs\u00e4ljare i hela v\u00e4rlden\"}]},{\"@type\":\"WebSite\",\"@id\":\"https:\/\/www.tigercat.com\/sv\/#website\",\"url\":\"https:\/\/www.tigercat.com\/sv\/\",\"name\":\"%%title%%\",\"description\":\"\",\"publisher\":{\"@id\":\"https:\/\/www.tigercat.com\/sv\/#organization\"},\"potentialAction\":[{\"@type\":\"SearchAction\",\"target\":{\"@type\":\"EntryPoint\",\"urlTemplate\":\"https:\/\/www.tigercat.com\/sv\/?s={search_term_string}\"},\"query-input\":{\"@type\":\"PropertyValueSpecification\",\"valueRequired\":true,\"valueName\":\"search_term_string\"}}],\"inLanguage\":\"sv\"},{\"@type\":\"Organization\",\"@id\":\"https:\/\/www.tigercat.com\/sv\/#organization\",\"name\":\"ÐÇ¿Õ´«Ã½ Industries Inc\",\"url\":\"https:\/\/www.tigercat.com\/sv\/\",\"logo\":{\"@type\":\"ImageObject\",\"inLanguage\":\"sv\",\"@id\":\"https:\/\/www.tigercat.com\/sv\/#\/schema\/logo\/image\/\",\"url\":\"https:\/\/www.tigercat.com\/wp-content\/uploads\/2017\/04\/tigercat_logo_700.png\",\"contentUrl\":\"https:\/\/www.tigercat.com\/wp-content\/uploads\/2017\/04\/tigercat_logo_700.png\",\"width\":700,\"height\":186,\"caption\":\"ÐÇ¿Õ´«Ã½ Industries Inc\"},\"image\":{\"@id\":\"https:\/\/www.tigercat.com\/sv\/#\/schema\/logo\/image\/\"},\"sameAs\":[\"http:\/\/www.facebook.com\/ÐÇ¿Õ´«Ã½\/\",\"http:\/\/www.linkedin.com\/company\/tigercat-inc-?trk=top_nav_home\",\"http:\/\/www.youtube.com\/user\/ÐÇ¿Õ´«Ã½Forestry\",\"https:\/\/www.instagram.com\/tigercat_machines\/\"]}]}<\/script>\n<!-- \/ Yoast SEO Premium plugin. -->","yoast_head_json":{"title":"ÐÇ¿Õ´«Ã½- och TCi-\u00e5terf\u00f6rs\u00e4ljare | V\u00e4rldsomfattande lokaliserare | Distribut\u00f6r | ÐÇ¿Õ´«Ã½","description":"\u00c5terf\u00f6rs\u00e4ljare av ÐÇ¿Õ´«Ã½- och TCi-utrustning f\u00f6r skogsbruk, industri och materialbearbetning finns i hela v\u00e4rlden. Hitta din n\u00e4rmaste \u00e5terf\u00f6rs\u00e4ljare h\u00e4r.","robots":{"index":"index","follow":"follow","max-snippet":"max-snippet:-1","max-image-preview":"max-image-preview:large","max-video-preview":"max-video-preview:-1"},"canonical":"https:\/\/www.tigercat.com\/sv\/aterforsaljare\/","og_locale":"en_US","og_type":"article","og_title":"ÐÇ¿Õ´«Ã½s | TCi-\u00e5terf\u00f6rs\u00e4ljare i hela v\u00e4rlden","og_description":"\u00c5terf\u00f6rs\u00e4ljare av ÐÇ¿Õ´«Ã½- och TCi-utrustning f\u00f6r skogsbruk, industri och materialbearbetning finns i hela v\u00e4rlden. Hitta din n\u00e4rmaste \u00e5terf\u00f6rs\u00e4ljare h\u00e4r.","og_url":"https:\/\/www.tigercat.com\/sv\/aterforsaljare\/","og_site_name":"ÐÇ¿Õ´«Ã½","article_publisher":"http:\/\/www.facebook.com\/ÐÇ¿Õ´«Ã½\/","article_modified_time":"2025-05-21T10:35:05+00:00","og_image":[{"width":2000,"height":393,"url":"https:\/\/www.tigercat.com\/wp-content\/uploads\/2014\/08\/img-dealer-locator.jpg","type":"image\/jpeg"}],"schema":{"@context":"https:\/\/schema.org","@graph":[{"@type":"WebPage","@id":"https:\/\/www.tigercat.com\/sv\/aterforsaljare\/","url":"https:\/\/www.tigercat.com\/sv\/aterforsaljare\/","name":"ÐÇ¿Õ´«Ã½- och TCi-\u00e5terf\u00f6rs\u00e4ljare | V\u00e4rldsomfattande lokaliserare | Distribut\u00f6r | ÐÇ¿Õ´«Ã½","isPartOf":{"@id":"https:\/\/www.tigercat.com\/sv\/#website"},"primaryImageOfPage":{"@id":"https:\/\/www.tigercat.com\/sv\/aterforsaljare\/#primaryimage"},"image":{"@id":"https:\/\/www.tigercat.com\/sv\/aterforsaljare\/#primaryimage"},"thumbnailUrl":"https:\/\/www.tigercat.com\/wp-content\/uploads\/2014\/08\/img-dealer-locator.jpg","datePublished":"2014-08-04T13:40:20+00:00","dateModified":"2025-05-21T10:35:05+00:00","description":"\u00c5terf\u00f6rs\u00e4ljare av ÐÇ¿Õ´«Ã½- och TCi-utrustning f\u00f6r skogsbruk, industri och materialbearbetning finns i hela v\u00e4rlden. Hitta din n\u00e4rmaste \u00e5terf\u00f6rs\u00e4ljare h\u00e4r.","breadcrumb":{"@id":"https:\/\/www.tigercat.com\/sv\/aterforsaljare\/#breadcrumb"},"inLanguage":"sv","potentialAction":[{"@type":"ReadAction","target":["https:\/\/www.tigercat.com\/sv\/aterforsaljare\/"]}]},{"@type":"ImageObject","inLanguage":"sv","@id":"https:\/\/www.tigercat.com\/sv\/aterforsaljare\/#primaryimage","url":"https:\/\/www.tigercat.com\/wp-content\/uploads\/2014\/08\/img-dealer-locator.jpg","contentUrl":"https:\/\/www.tigercat.com\/wp-content\/uploads\/2014\/08\/img-dealer-locator.jpg","width":2000,"height":393},{"@type":"BreadcrumbList","@id":"https:\/\/www.tigercat.com\/sv\/aterforsaljare\/#breadcrumb","itemListElement":[{"@type":"ListItem","position":1,"name":"Home","item":"https:\/\/www.tigercat.com\/sv\/"},{"@type":"ListItem","position":2,"name":"ÐÇ¿Õ´«Ã½s | TCi-\u00e5terf\u00f6rs\u00e4ljare i hela v\u00e4rlden"}]},{"@type":"WebSite","@id":"https:\/\/www.tigercat.com\/sv\/#website","url":"https:\/\/www.tigercat.com\/sv\/","name":"%%title%%","description":"","publisher":{"@id":"https:\/\/www.tigercat.com\/sv\/#organization"},"potentialAction":[{"@type":"SearchAction","target":{"@type":"EntryPoint","urlTemplate":"https:\/\/www.tigercat.com\/sv\/?s={search_term_string}"},"query-input":{"@type":"PropertyValueSpecification","valueRequired":true,"valueName":"search_term_string"}}],"inLanguage":"sv"},{"@type":"Organization","@id":"https:\/\/www.tigercat.com\/sv\/#organization","name":"ÐÇ¿Õ´«Ã½ Industries Inc","url":"https:\/\/www.tigercat.com\/sv\/","logo":{"@type":"ImageObject","inLanguage":"sv","@id":"https:\/\/www.tigercat.com\/sv\/#\/schema\/logo\/image\/","url":"https:\/\/www.tigercat.com\/wp-content\/uploads\/2017\/04\/tigercat_logo_700.png","contentUrl":"https:\/\/www.tigercat.com\/wp-content\/uploads\/2017\/04\/tigercat_logo_700.png","width":700,"height":186,"caption":"ÐÇ¿Õ´«Ã½ Industries Inc"},"image":{"@id":"https:\/\/www.tigercat.com\/sv\/#\/schema\/logo\/image\/"},"sameAs":["http:\/\/www.facebook.com\/ÐÇ¿Õ´«Ã½\/","http:\/\/www.linkedin.com\/company\/tigercat-inc-?trk=top_nav_home","http:\/\/www.youtube.com\/user\/ÐÇ¿Õ´«Ã½Forestry","https:\/\/www.instagram.com\/tigercat_machines\/"]}]}},"_links":{"self":[{"href":"https:\/\/www.tigercat.com\/sv\/wp-json\/wp\/v2\/pages\/66799","targetHints":{"allow":["GET"]}}],"collection":[{"href":"https:\/\/www.tigercat.com\/sv\/wp-json\/wp\/v2\/pages"}],"about":[{"href":"https:\/\/www.tigercat.com\/sv\/wp-json\/wp\/v2\/types\/page"}],"author":[{"embeddable":true,"href":"https:\/\/www.tigercat.com\/sv\/wp-json\/wp\/v2\/users\/8"}],"replies":[{"embeddable":true,"href":"https:\/\/www.tigercat.com\/sv\/wp-json\/wp\/v2\/comments?post=66799"}],"version-history":[{"count":0,"href":"https:\/\/www.tigercat.com\/sv\/wp-json\/wp\/v2\/pages\/66799\/revisions"}],"wp:featuredmedia":[{"embeddable":true,"href":"https:\/\/www.tigercat.com\/sv\/wp-json\/wp\/v2\/media\/404"}],"wp:attachment":[{"href":"https:\/\/www.tigercat.com\/sv\/wp-json\/wp\/v2\/media?parent=66799"}],"curies":[{"name":"wp","href":"https:\/\/api.w.org\/{rel}","templated":true}]}}