  {"id":83063,"date":"2024-06-07T12:51:20","date_gmt":"2024-06-07T12:51:20","guid":{"rendered":"https:\/\/www.tigercat.com\/finance-canada\/"},"modified":"2026-04-01T11:08:16","modified_gmt":"2026-04-01T11:08:16","slug":"finance-canada","status":"publish","type":"page","link":"https:\/\/www.tigercat.com\/fr\/finance-canada\/","title":{"rendered":"Taux de financement sp\u00e9ciaux \u00e0 dur\u00e9e limit\u00e9e pour le Canada"},"content":{"rendered":"","protected":false},"excerpt":{"rendered":"<p>Offre \u00e0 dur\u00e9e limit\u00e9e\u00a0! Nous proposons des taux de financement sp\u00e9ciaux r\u00e9duits pour tous les d\u00e9bardeurs de s\u00e9rie\u00a0600, les abatteuses-fa\u00e7onneuses de s\u00e9rie 800, les loggers de s\u00e9rie 800 et les t\u00eates d\u2019abattage-\u00e9branchage de s\u00e9rie 500.<\/p>\n<p>Contactez votre concessionnaire ÐÇ¿Õ´«Ã½-TCi d\u00e8s aujourd&#8217;hui pour en profiter.<\/p>\n","protected":false},"author":8,"featured_media":0,"parent":0,"menu_order":0,"comment_status":"closed","ping_status":"closed","template":"","meta":{"_acf_changed":false,"_lmt_disableupdate":"no","_lmt_disable":"","footnotes":""},"class_list":["post-83063","page","type-page","status-publish","hentry"],"acf":[],"yoast_head":"<!-- This site is optimized with the Yoast SEO Premium plugin v27.2 (Yoast SEO v27.2) - https:\/\/yoast.com\/product\/yoast-seo-premium-wordpress\/ -->\n<title>Taux de financement sp\u00e9ciaux | ÐÇ¿Õ´«Ã½-TCi | Canada<\/title>\n<meta name=\"description\" content=\"Profitez de nos taux de financement sp\u00e9ciaux r\u00e9duits pour tous les d\u00e9bardeurs de s\u00e9rie\u00a0600, les abatteuses-fa\u00e7onneuses de s\u00e9rie 800, les loggers de s\u00e9rie 800 et les t\u00eates d\u2019abattage-\u00e9branchage de s\u00e9rie 500.\" \/>\n<meta name=\"robots\" content=\"index, follow, max-snippet:-1, max-image-preview:large, max-video-preview:-1\" \/>\n<link rel=\"canonical\" href=\"https:\/\/www.tigercat.com\/fr\/finance-canada\/\" \/>\n<meta property=\"og:locale\" content=\"fr_FR\" \/>\n<meta property=\"og:type\" content=\"article\" \/>\n<meta property=\"og:title\" content=\"Taux de financement sp\u00e9ciaux \u00e0 dur\u00e9e limit\u00e9e pour le Canada\" \/>\n<meta property=\"og:description\" content=\"Profitez de nos taux de financement sp\u00e9ciaux r\u00e9duits pour tous les d\u00e9bardeurs de s\u00e9rie\u00a0600, les abatteuses-fa\u00e7onneuses de s\u00e9rie 800, les loggers de s\u00e9rie 800 et les t\u00eates d\u2019abattage-\u00e9branchage de s\u00e9rie 500.\" \/>\n<meta property=\"og:url\" content=\"https:\/\/www.tigercat.com\/fr\/finance-canada\/\" \/>\n<meta property=\"og:site_name\" content=\"ÐÇ¿Õ´«Ã½\" \/>\n<meta property=\"article:publisher\" content=\"http:\/\/www.facebook.com\/ÐÇ¿Õ´«Ã½\/\" \/>\n<meta property=\"article:modified_time\" content=\"2026-04-01T11:08:16+00:00\" \/>\n<script type=\"application\/ld+json\" class=\"yoast-schema-graph\">{\"@context\":\"https:\/\/schema.org\",\"@graph\":[{\"@type\":\"WebPage\",\"@id\":\"https:\/\/www.tigercat.com\/fr\/finance-canada\/\",\"url\":\"https:\/\/www.tigercat.com\/fr\/finance-canada\/\",\"name\":\"Taux de financement sp\u00e9ciaux | ÐÇ¿Õ´«Ã½-TCi | Canada\",\"isPartOf\":{\"@id\":\"https:\/\/www.tigercat.com\/fr\/#website\"},\"datePublished\":\"2024-06-07T12:51:20+00:00\",\"dateModified\":\"2026-04-01T11:08:16+00:00\",\"description\":\"Profitez de nos taux de financement sp\u00e9ciaux r\u00e9duits pour tous les d\u00e9bardeurs de s\u00e9rie\u00a0600, les abatteuses-fa\u00e7onneuses de s\u00e9rie 800, les loggers de s\u00e9rie 800 et les t\u00eates d\u2019abattage-\u00e9branchage de s\u00e9rie 500.\",\"breadcrumb\":{\"@id\":\"https:\/\/www.tigercat.com\/fr\/finance-canada\/#breadcrumb\"},\"inLanguage\":\"fr\",\"potentialAction\":[{\"@type\":\"ReadAction\",\"target\":[\"https:\/\/www.tigercat.com\/fr\/finance-canada\/\"]}]},{\"@type\":\"BreadcrumbList\",\"@id\":\"https:\/\/www.tigercat.com\/fr\/finance-canada\/#breadcrumb\",\"itemListElement\":[{\"@type\":\"ListItem\",\"position\":1,\"name\":\"Home\",\"item\":\"https:\/\/www.tigercat.com\/fr\/\"},{\"@type\":\"ListItem\",\"position\":2,\"name\":\"Taux de financement sp\u00e9ciaux \u00e0 dur\u00e9e limit\u00e9e pour le Canada\"}]},{\"@type\":\"WebSite\",\"@id\":\"https:\/\/www.tigercat.com\/fr\/#website\",\"url\":\"https:\/\/www.tigercat.com\/fr\/\",\"name\":\"%%title%%\",\"description\":\"\",\"publisher\":{\"@id\":\"https:\/\/www.tigercat.com\/fr\/#organization\"},\"potentialAction\":[{\"@type\":\"SearchAction\",\"target\":{\"@type\":\"EntryPoint\",\"urlTemplate\":\"https:\/\/www.tigercat.com\/fr\/?s={search_term_string}\"},\"query-input\":{\"@type\":\"PropertyValueSpecification\",\"valueRequired\":true,\"valueName\":\"search_term_string\"}}],\"inLanguage\":\"fr\"},{\"@type\":\"Organization\",\"@id\":\"https:\/\/www.tigercat.com\/fr\/#organization\",\"name\":\"ÐÇ¿Õ´«Ã½ Industries Inc\",\"url\":\"https:\/\/www.tigercat.com\/fr\/\",\"logo\":{\"@type\":\"ImageObject\",\"inLanguage\":\"fr\",\"@id\":\"https:\/\/www.tigercat.com\/fr\/#\/schema\/logo\/image\/\",\"url\":\"https:\/\/www.tigercat.com\/wp-content\/uploads\/2017\/04\/tigercat_logo_700.png\",\"contentUrl\":\"https:\/\/www.tigercat.com\/wp-content\/uploads\/2017\/04\/tigercat_logo_700.png\",\"width\":700,\"height\":186,\"caption\":\"ÐÇ¿Õ´«Ã½ Industries Inc\"},\"image\":{\"@id\":\"https:\/\/www.tigercat.com\/fr\/#\/schema\/logo\/image\/\"},\"sameAs\":[\"http:\/\/www.facebook.com\/ÐÇ¿Õ´«Ã½\/\",\"http:\/\/www.linkedin.com\/company\/tigercat-inc-?trk=top_nav_home\",\"http:\/\/www.youtube.com\/user\/ÐÇ¿Õ´«Ã½Forestry\",\"https:\/\/www.instagram.com\/tigercat_machines\/\"]}]}<\/script>\n<!-- \/ Yoast SEO Premium plugin. -->","yoast_head_json":{"title":"Taux de financement sp\u00e9ciaux | ÐÇ¿Õ´«Ã½-TCi | Canada","description":"Profitez de nos taux de financement sp\u00e9ciaux r\u00e9duits pour tous les d\u00e9bardeurs de s\u00e9rie\u00a0600, les abatteuses-fa\u00e7onneuses de s\u00e9rie 800, les loggers de s\u00e9rie 800 et les t\u00eates d\u2019abattage-\u00e9branchage de s\u00e9rie 500.","robots":{"index":"index","follow":"follow","max-snippet":"max-snippet:-1","max-image-preview":"max-image-preview:large","max-video-preview":"max-video-preview:-1"},"canonical":"https:\/\/www.tigercat.com\/fr\/finance-canada\/","og_locale":"fr_FR","og_type":"article","og_title":"Taux de financement sp\u00e9ciaux \u00e0 dur\u00e9e limit\u00e9e pour le Canada","og_description":"Profitez de nos taux de financement sp\u00e9ciaux r\u00e9duits pour tous les d\u00e9bardeurs de s\u00e9rie\u00a0600, les abatteuses-fa\u00e7onneuses de s\u00e9rie 800, les loggers de s\u00e9rie 800 et les t\u00eates d\u2019abattage-\u00e9branchage de s\u00e9rie 500.","og_url":"https:\/\/www.tigercat.com\/fr\/finance-canada\/","og_site_name":"ÐÇ¿Õ´«Ã½","article_publisher":"http:\/\/www.facebook.com\/ÐÇ¿Õ´«Ã½\/","article_modified_time":"2026-04-01T11:08:16+00:00","schema":{"@context":"https:\/\/schema.org","@graph":[{"@type":"WebPage","@id":"https:\/\/www.tigercat.com\/fr\/finance-canada\/","url":"https:\/\/www.tigercat.com\/fr\/finance-canada\/","name":"Taux de financement sp\u00e9ciaux | ÐÇ¿Õ´«Ã½-TCi | Canada","isPartOf":{"@id":"https:\/\/www.tigercat.com\/fr\/#website"},"datePublished":"2024-06-07T12:51:20+00:00","dateModified":"2026-04-01T11:08:16+00:00","description":"Profitez de nos taux de financement sp\u00e9ciaux r\u00e9duits pour tous les d\u00e9bardeurs de s\u00e9rie\u00a0600, les abatteuses-fa\u00e7onneuses de s\u00e9rie 800, les loggers de s\u00e9rie 800 et les t\u00eates d\u2019abattage-\u00e9branchage de s\u00e9rie 500.","breadcrumb":{"@id":"https:\/\/www.tigercat.com\/fr\/finance-canada\/#breadcrumb"},"inLanguage":"fr","potentialAction":[{"@type":"ReadAction","target":["https:\/\/www.tigercat.com\/fr\/finance-canada\/"]}]},{"@type":"BreadcrumbList","@id":"https:\/\/www.tigercat.com\/fr\/finance-canada\/#breadcrumb","itemListElement":[{"@type":"ListItem","position":1,"name":"Home","item":"https:\/\/www.tigercat.com\/fr\/"},{"@type":"ListItem","position":2,"name":"Taux de financement sp\u00e9ciaux \u00e0 dur\u00e9e limit\u00e9e pour le Canada"}]},{"@type":"WebSite","@id":"https:\/\/www.tigercat.com\/fr\/#website","url":"https:\/\/www.tigercat.com\/fr\/","name":"%%title%%","description":"","publisher":{"@id":"https:\/\/www.tigercat.com\/fr\/#organization"},"potentialAction":[{"@type":"SearchAction","target":{"@type":"EntryPoint","urlTemplate":"https:\/\/www.tigercat.com\/fr\/?s={search_term_string}"},"query-input":{"@type":"PropertyValueSpecification","valueRequired":true,"valueName":"search_term_string"}}],"inLanguage":"fr"},{"@type":"Organization","@id":"https:\/\/www.tigercat.com\/fr\/#organization","name":"ÐÇ¿Õ´«Ã½ Industries Inc","url":"https:\/\/www.tigercat.com\/fr\/","logo":{"@type":"ImageObject","inLanguage":"fr","@id":"https:\/\/www.tigercat.com\/fr\/#\/schema\/logo\/image\/","url":"https:\/\/www.tigercat.com\/wp-content\/uploads\/2017\/04\/tigercat_logo_700.png","contentUrl":"https:\/\/www.tigercat.com\/wp-content\/uploads\/2017\/04\/tigercat_logo_700.png","width":700,"height":186,"caption":"ÐÇ¿Õ´«Ã½ Industries Inc"},"image":{"@id":"https:\/\/www.tigercat.com\/fr\/#\/schema\/logo\/image\/"},"sameAs":["http:\/\/www.facebook.com\/ÐÇ¿Õ´«Ã½\/","http:\/\/www.linkedin.com\/company\/tigercat-inc-?trk=top_nav_home","http:\/\/www.youtube.com\/user\/ÐÇ¿Õ´«Ã½Forestry","https:\/\/www.instagram.com\/tigercat_machines\/"]}]}},"_links":{"self":[{"href":"https:\/\/www.tigercat.com\/fr\/wp-json\/wp\/v2\/pages\/83063","targetHints":{"allow":["GET"]}}],"collection":[{"href":"https:\/\/www.tigercat.com\/fr\/wp-json\/wp\/v2\/pages"}],"about":[{"href":"https:\/\/www.tigercat.com\/fr\/wp-json\/wp\/v2\/types\/page"}],"author":[{"embeddable":true,"href":"https:\/\/www.tigercat.com\/fr\/wp-json\/wp\/v2\/users\/8"}],"replies":[{"embeddable":true,"href":"https:\/\/www.tigercat.com\/fr\/wp-json\/wp\/v2\/comments?post=83063"}],"version-history":[{"count":3,"href":"https:\/\/www.tigercat.com\/fr\/wp-json\/wp\/v2\/pages\/83063\/revisions"}],"predecessor-version":[{"id":96445,"href":"https:\/\/www.tigercat.com\/fr\/wp-json\/wp\/v2\/pages\/83063\/revisions\/96445"}],"wp:attachment":[{"href":"https:\/\/www.tigercat.com\/fr\/wp-json\/wp\/v2\/media?parent=83063"}],"curies":[{"name":"wp","href":"https:\/\/api.w.org\/{rel}","templated":true}]}}