  {"id":78202,"date":"2023-10-31T19:58:49","date_gmt":"2023-10-31T19:58:49","guid":{"rendered":"https:\/\/www.tigercat.com\/information-systems\/"},"modified":"2023-12-24T10:33:48","modified_gmt":"2023-12-24T10:33:48","slug":"systemes-information","status":"publish","type":"page","link":"https:\/\/www.tigercat.com\/fr\/systemes-information\/","title":{"rendered":"Syst\u00e8mes d&#8217;information"},"content":{"rendered":"","protected":false},"excerpt":{"rendered":"<p>Les syst\u00e8mes d&#8217;information de ÐÇ¿Õ´«Ã½ rationalisent la gestion des op\u00e9rations et offrent une base permettant de prendre des d\u00e9cisions \u00e9clair\u00e9es.<\/p>\n","protected":false},"author":7,"featured_media":0,"parent":0,"menu_order":0,"comment_status":"closed","ping_status":"closed","template":"","meta":{"_acf_changed":false,"_lmt_disableupdate":"","_lmt_disable":"","footnotes":""},"class_list":["post-78202","page","type-page","status-publish","hentry"],"acf":[],"yoast_head":"<!-- This site is optimized with the Yoast SEO Premium plugin v27.2 (Yoast SEO v27.2) - https:\/\/yoast.com\/product\/yoast-seo-premium-wordpress\/ -->\n<title>Syst\u00e8mes d&#039;information - ÐÇ¿Õ´«Ã½<\/title>\n<meta name=\"robots\" content=\"noindex, follow\" \/>\n<meta property=\"og:locale\" content=\"fr_FR\" \/>\n<meta property=\"og:type\" content=\"article\" \/>\n<meta property=\"og:title\" content=\"Syst\u00e8mes d&#039;information\" \/>\n<meta property=\"og:description\" content=\"Les syst\u00e8mes d&#039;information de ÐÇ¿Õ´«Ã½ rationalisent la gestion des op\u00e9rations et offrent une base permettant de prendre des d\u00e9cisions \u00e9clair\u00e9es.\" \/>\n<meta property=\"og:url\" content=\"https:\/\/www.tigercat.com\/fr\/systemes-information\/\" \/>\n<meta property=\"og:site_name\" content=\"ÐÇ¿Õ´«Ã½\" \/>\n<meta property=\"article:publisher\" content=\"http:\/\/www.facebook.com\/ÐÇ¿Õ´«Ã½\/\" \/>\n<meta property=\"article:modified_time\" content=\"2023-12-24T10:33:48+00:00\" \/>\n<script type=\"application\/ld+json\" class=\"yoast-schema-graph\">{\"@context\":\"https:\/\/schema.org\",\"@graph\":[{\"@type\":\"WebPage\",\"@id\":\"https:\/\/www.tigercat.com\/fr\/systemes-information\/\",\"url\":\"https:\/\/www.tigercat.com\/fr\/systemes-information\/\",\"name\":\"Syst\u00e8mes d'information - ÐÇ¿Õ´«Ã½\",\"isPartOf\":{\"@id\":\"https:\/\/www.tigercat.com\/fr\/#website\"},\"datePublished\":\"2023-10-31T19:58:49+00:00\",\"dateModified\":\"2023-12-24T10:33:48+00:00\",\"breadcrumb\":{\"@id\":\"https:\/\/www.tigercat.com\/fr\/systemes-information\/#breadcrumb\"},\"inLanguage\":\"fr\",\"potentialAction\":[{\"@type\":\"ReadAction\",\"target\":[\"https:\/\/www.tigercat.com\/fr\/systemes-information\/\"]}]},{\"@type\":\"BreadcrumbList\",\"@id\":\"https:\/\/www.tigercat.com\/fr\/systemes-information\/#breadcrumb\",\"itemListElement\":[{\"@type\":\"ListItem\",\"position\":1,\"name\":\"Home\",\"item\":\"https:\/\/www.tigercat.com\/fr\/\"},{\"@type\":\"ListItem\",\"position\":2,\"name\":\"Syst\u00e8mes d&#8217;information\"}]},{\"@type\":\"WebSite\",\"@id\":\"https:\/\/www.tigercat.com\/fr\/#website\",\"url\":\"https:\/\/www.tigercat.com\/fr\/\",\"name\":\"%%title%%\",\"description\":\"\",\"publisher\":{\"@id\":\"https:\/\/www.tigercat.com\/fr\/#organization\"},\"potentialAction\":[{\"@type\":\"SearchAction\",\"target\":{\"@type\":\"EntryPoint\",\"urlTemplate\":\"https:\/\/www.tigercat.com\/fr\/?s={search_term_string}\"},\"query-input\":{\"@type\":\"PropertyValueSpecification\",\"valueRequired\":true,\"valueName\":\"search_term_string\"}}],\"inLanguage\":\"fr\"},{\"@type\":\"Organization\",\"@id\":\"https:\/\/www.tigercat.com\/fr\/#organization\",\"name\":\"ÐÇ¿Õ´«Ã½ Industries Inc\",\"url\":\"https:\/\/www.tigercat.com\/fr\/\",\"logo\":{\"@type\":\"ImageObject\",\"inLanguage\":\"fr\",\"@id\":\"https:\/\/www.tigercat.com\/fr\/#\/schema\/logo\/image\/\",\"url\":\"https:\/\/www.tigercat.com\/wp-content\/uploads\/2017\/04\/tigercat_logo_700.png\",\"contentUrl\":\"https:\/\/www.tigercat.com\/wp-content\/uploads\/2017\/04\/tigercat_logo_700.png\",\"width\":700,\"height\":186,\"caption\":\"ÐÇ¿Õ´«Ã½ Industries Inc\"},\"image\":{\"@id\":\"https:\/\/www.tigercat.com\/fr\/#\/schema\/logo\/image\/\"},\"sameAs\":[\"http:\/\/www.facebook.com\/ÐÇ¿Õ´«Ã½\/\",\"http:\/\/www.linkedin.com\/company\/tigercat-inc-?trk=top_nav_home\",\"http:\/\/www.youtube.com\/user\/ÐÇ¿Õ´«Ã½Forestry\",\"https:\/\/www.instagram.com\/tigercat_machines\/\"]}]}<\/script>\n<!-- \/ Yoast SEO Premium plugin. -->","yoast_head_json":{"title":"Syst\u00e8mes d'information - ÐÇ¿Õ´«Ã½","robots":{"index":"noindex","follow":"follow"},"og_locale":"fr_FR","og_type":"article","og_title":"Syst\u00e8mes d'information","og_description":"Les syst\u00e8mes d'information de ÐÇ¿Õ´«Ã½ rationalisent la gestion des op\u00e9rations et offrent une base permettant de prendre des d\u00e9cisions \u00e9clair\u00e9es.","og_url":"https:\/\/www.tigercat.com\/fr\/systemes-information\/","og_site_name":"ÐÇ¿Õ´«Ã½","article_publisher":"http:\/\/www.facebook.com\/ÐÇ¿Õ´«Ã½\/","article_modified_time":"2023-12-24T10:33:48+00:00","schema":{"@context":"https:\/\/schema.org","@graph":[{"@type":"WebPage","@id":"https:\/\/www.tigercat.com\/fr\/systemes-information\/","url":"https:\/\/www.tigercat.com\/fr\/systemes-information\/","name":"Syst\u00e8mes d'information - ÐÇ¿Õ´«Ã½","isPartOf":{"@id":"https:\/\/www.tigercat.com\/fr\/#website"},"datePublished":"2023-10-31T19:58:49+00:00","dateModified":"2023-12-24T10:33:48+00:00","breadcrumb":{"@id":"https:\/\/www.tigercat.com\/fr\/systemes-information\/#breadcrumb"},"inLanguage":"fr","potentialAction":[{"@type":"ReadAction","target":["https:\/\/www.tigercat.com\/fr\/systemes-information\/"]}]},{"@type":"BreadcrumbList","@id":"https:\/\/www.tigercat.com\/fr\/systemes-information\/#breadcrumb","itemListElement":[{"@type":"ListItem","position":1,"name":"Home","item":"https:\/\/www.tigercat.com\/fr\/"},{"@type":"ListItem","position":2,"name":"Syst\u00e8mes d&#8217;information"}]},{"@type":"WebSite","@id":"https:\/\/www.tigercat.com\/fr\/#website","url":"https:\/\/www.tigercat.com\/fr\/","name":"%%title%%","description":"","publisher":{"@id":"https:\/\/www.tigercat.com\/fr\/#organization"},"potentialAction":[{"@type":"SearchAction","target":{"@type":"EntryPoint","urlTemplate":"https:\/\/www.tigercat.com\/fr\/?s={search_term_string}"},"query-input":{"@type":"PropertyValueSpecification","valueRequired":true,"valueName":"search_term_string"}}],"inLanguage":"fr"},{"@type":"Organization","@id":"https:\/\/www.tigercat.com\/fr\/#organization","name":"ÐÇ¿Õ´«Ã½ Industries Inc","url":"https:\/\/www.tigercat.com\/fr\/","logo":{"@type":"ImageObject","inLanguage":"fr","@id":"https:\/\/www.tigercat.com\/fr\/#\/schema\/logo\/image\/","url":"https:\/\/www.tigercat.com\/wp-content\/uploads\/2017\/04\/tigercat_logo_700.png","contentUrl":"https:\/\/www.tigercat.com\/wp-content\/uploads\/2017\/04\/tigercat_logo_700.png","width":700,"height":186,"caption":"ÐÇ¿Õ´«Ã½ Industries Inc"},"image":{"@id":"https:\/\/www.tigercat.com\/fr\/#\/schema\/logo\/image\/"},"sameAs":["http:\/\/www.facebook.com\/ÐÇ¿Õ´«Ã½\/","http:\/\/www.linkedin.com\/company\/tigercat-inc-?trk=top_nav_home","http:\/\/www.youtube.com\/user\/ÐÇ¿Õ´«Ã½Forestry","https:\/\/www.instagram.com\/tigercat_machines\/"]}]}},"_links":{"self":[{"href":"https:\/\/www.tigercat.com\/fr\/wp-json\/wp\/v2\/pages\/78202","targetHints":{"allow":["GET"]}}],"collection":[{"href":"https:\/\/www.tigercat.com\/fr\/wp-json\/wp\/v2\/pages"}],"about":[{"href":"https:\/\/www.tigercat.com\/fr\/wp-json\/wp\/v2\/types\/page"}],"author":[{"embeddable":true,"href":"https:\/\/www.tigercat.com\/fr\/wp-json\/wp\/v2\/users\/7"}],"replies":[{"embeddable":true,"href":"https:\/\/www.tigercat.com\/fr\/wp-json\/wp\/v2\/comments?post=78202"}],"version-history":[{"count":0,"href":"https:\/\/www.tigercat.com\/fr\/wp-json\/wp\/v2\/pages\/78202\/revisions"}],"wp:attachment":[{"href":"https:\/\/www.tigercat.com\/fr\/wp-json\/wp\/v2\/media?parent=78202"}],"curies":[{"name":"wp","href":"https:\/\/api.w.org\/{rel}","templated":true}]}}