  {"id":66906,"date":"2020-12-07T14:54:38","date_gmt":"2020-12-07T14:54:38","guid":{"rendered":"https:\/\/www.tigercat.com\/about-sc\/"},"modified":"2025-10-14T11:54:34","modified_gmt":"2025-10-14T11:54:34","slug":"a-propos-de-nous-sc","status":"publish","type":"page","link":"https:\/\/www.tigercat.com\/fr\/a-propos-de-nous-sc\/","title":{"rendered":"\u00c0 propos de ÐÇ¿Õ´«Ã½ Industries"},"content":{"rendered":"","protected":false},"excerpt":{"rendered":"<p>ÐÇ¿Õ´«Ã½\u00a0Industries est sp\u00e9cialis\u00e9e dans la conception et la fabrication d&#8217;\u00e9quipement d&#8217;exploitation foresti\u00e8re de premi\u00e8re qualit\u00e9, et tout particuli\u00e8rement dans les machines industrielles tout-terrain et l&#8217;\u00e9quipement de transformation des mat\u00e9riaux.<\/p>\n","protected":false},"author":7,"featured_media":0,"parent":0,"menu_order":0,"comment_status":"closed","ping_status":"closed","template":"","meta":{"_acf_changed":false,"_lmt_disableupdate":"no","_lmt_disable":"","footnotes":""},"class_list":["post-66906","page","type-page","status-publish","hentry"],"acf":[],"yoast_head":"<!-- This site is optimized with the Yoast SEO Premium plugin v27.2 (Yoast SEO v27.2) - https:\/\/yoast.com\/product\/yoast-seo-premium-wordpress\/ -->\n<title>\u00c0 propos de ÐÇ¿Õ´«Ã½ Industries | ÐÇ¿Õ´«Ã½ | TCi<\/title>\n<meta name=\"description\" content=\"D\u00e9couvrez le pass\u00e9 et le pr\u00e9sent de ÐÇ¿Õ´«Ã½ Industries. D\u00e9couvrez l\u2019histoire, les employ\u00e9s, les valeurs de l\u2019entreprise, ainsi que les marques ÐÇ¿Õ´«Ã½ et TCi.\" \/>\n<meta name=\"robots\" content=\"index, follow, max-snippet:-1, max-image-preview:large, max-video-preview:-1\" \/>\n<link rel=\"canonical\" href=\"https:\/\/www.tigercat.com\/fr\/a-propos-de-nous-sc\/\" \/>\n<meta property=\"og:locale\" content=\"fr_FR\" \/>\n<meta property=\"og:type\" content=\"article\" \/>\n<meta property=\"og:title\" content=\"\u00c0 propos de ÐÇ¿Õ´«Ã½ Industries\" \/>\n<meta property=\"og:description\" content=\"D\u00e9couvrez le pass\u00e9 et le pr\u00e9sent de ÐÇ¿Õ´«Ã½ Industries. D\u00e9couvrez l\u2019histoire, les employ\u00e9s, les valeurs de l\u2019entreprise, ainsi que les marques ÐÇ¿Õ´«Ã½ et TCi.\" \/>\n<meta property=\"og:url\" content=\"https:\/\/www.tigercat.com\/fr\/a-propos-de-nous-sc\/\" \/>\n<meta property=\"og:site_name\" content=\"ÐÇ¿Õ´«Ã½\" \/>\n<meta property=\"article:publisher\" content=\"http:\/\/www.facebook.com\/ÐÇ¿Õ´«Ã½\/\" \/>\n<meta property=\"article:modified_time\" content=\"2025-10-14T11:54:34+00:00\" \/>\n<script type=\"application\/ld+json\" class=\"yoast-schema-graph\">{\"@context\":\"https:\/\/schema.org\",\"@graph\":[{\"@type\":\"WebPage\",\"@id\":\"https:\/\/www.tigercat.com\/fr\/a-propos-de-nous-sc\/\",\"url\":\"https:\/\/www.tigercat.com\/fr\/a-propos-de-nous-sc\/\",\"name\":\"\u00c0 propos de ÐÇ¿Õ´«Ã½ Industries | ÐÇ¿Õ´«Ã½ | TCi\",\"isPartOf\":{\"@id\":\"https:\/\/www.tigercat.com\/fr\/#website\"},\"datePublished\":\"2020-12-07T14:54:38+00:00\",\"dateModified\":\"2025-10-14T11:54:34+00:00\",\"description\":\"D\u00e9couvrez le pass\u00e9 et le pr\u00e9sent de ÐÇ¿Õ´«Ã½ Industries. D\u00e9couvrez l\u2019histoire, les employ\u00e9s, les valeurs de l\u2019entreprise, ainsi que les marques ÐÇ¿Õ´«Ã½ et TCi.\",\"breadcrumb\":{\"@id\":\"https:\/\/www.tigercat.com\/fr\/a-propos-de-nous-sc\/#breadcrumb\"},\"inLanguage\":\"fr\",\"potentialAction\":[{\"@type\":\"ReadAction\",\"target\":[\"https:\/\/www.tigercat.com\/fr\/a-propos-de-nous-sc\/\"]}]},{\"@type\":\"BreadcrumbList\",\"@id\":\"https:\/\/www.tigercat.com\/fr\/a-propos-de-nous-sc\/#breadcrumb\",\"itemListElement\":[{\"@type\":\"ListItem\",\"position\":1,\"name\":\"Home\",\"item\":\"https:\/\/www.tigercat.com\/fr\/\"},{\"@type\":\"ListItem\",\"position\":2,\"name\":\"\u00c0 propos de ÐÇ¿Õ´«Ã½ Industries\"}]},{\"@type\":\"WebSite\",\"@id\":\"https:\/\/www.tigercat.com\/fr\/#website\",\"url\":\"https:\/\/www.tigercat.com\/fr\/\",\"name\":\"%%title%%\",\"description\":\"\",\"publisher\":{\"@id\":\"https:\/\/www.tigercat.com\/fr\/#organization\"},\"potentialAction\":[{\"@type\":\"SearchAction\",\"target\":{\"@type\":\"EntryPoint\",\"urlTemplate\":\"https:\/\/www.tigercat.com\/fr\/?s={search_term_string}\"},\"query-input\":{\"@type\":\"PropertyValueSpecification\",\"valueRequired\":true,\"valueName\":\"search_term_string\"}}],\"inLanguage\":\"fr\"},{\"@type\":\"Organization\",\"@id\":\"https:\/\/www.tigercat.com\/fr\/#organization\",\"name\":\"ÐÇ¿Õ´«Ã½ Industries Inc\",\"url\":\"https:\/\/www.tigercat.com\/fr\/\",\"logo\":{\"@type\":\"ImageObject\",\"inLanguage\":\"fr\",\"@id\":\"https:\/\/www.tigercat.com\/fr\/#\/schema\/logo\/image\/\",\"url\":\"https:\/\/www.tigercat.com\/wp-content\/uploads\/2017\/04\/tigercat_logo_700.png\",\"contentUrl\":\"https:\/\/www.tigercat.com\/wp-content\/uploads\/2017\/04\/tigercat_logo_700.png\",\"width\":700,\"height\":186,\"caption\":\"ÐÇ¿Õ´«Ã½ Industries Inc\"},\"image\":{\"@id\":\"https:\/\/www.tigercat.com\/fr\/#\/schema\/logo\/image\/\"},\"sameAs\":[\"http:\/\/www.facebook.com\/ÐÇ¿Õ´«Ã½\/\",\"http:\/\/www.linkedin.com\/company\/tigercat-inc-?trk=top_nav_home\",\"http:\/\/www.youtube.com\/user\/ÐÇ¿Õ´«Ã½Forestry\",\"https:\/\/www.instagram.com\/tigercat_machines\/\"]}]}<\/script>\n<!-- \/ Yoast SEO Premium plugin. -->","yoast_head_json":{"title":"\u00c0 propos de ÐÇ¿Õ´«Ã½ Industries | ÐÇ¿Õ´«Ã½ | TCi","description":"D\u00e9couvrez le pass\u00e9 et le pr\u00e9sent de ÐÇ¿Õ´«Ã½ Industries. D\u00e9couvrez l\u2019histoire, les employ\u00e9s, les valeurs de l\u2019entreprise, ainsi que les marques ÐÇ¿Õ´«Ã½ et TCi.","robots":{"index":"index","follow":"follow","max-snippet":"max-snippet:-1","max-image-preview":"max-image-preview:large","max-video-preview":"max-video-preview:-1"},"canonical":"https:\/\/www.tigercat.com\/fr\/a-propos-de-nous-sc\/","og_locale":"fr_FR","og_type":"article","og_title":"\u00c0 propos de ÐÇ¿Õ´«Ã½ Industries","og_description":"D\u00e9couvrez le pass\u00e9 et le pr\u00e9sent de ÐÇ¿Õ´«Ã½ Industries. D\u00e9couvrez l\u2019histoire, les employ\u00e9s, les valeurs de l\u2019entreprise, ainsi que les marques ÐÇ¿Õ´«Ã½ et TCi.","og_url":"https:\/\/www.tigercat.com\/fr\/a-propos-de-nous-sc\/","og_site_name":"ÐÇ¿Õ´«Ã½","article_publisher":"http:\/\/www.facebook.com\/ÐÇ¿Õ´«Ã½\/","article_modified_time":"2025-10-14T11:54:34+00:00","schema":{"@context":"https:\/\/schema.org","@graph":[{"@type":"WebPage","@id":"https:\/\/www.tigercat.com\/fr\/a-propos-de-nous-sc\/","url":"https:\/\/www.tigercat.com\/fr\/a-propos-de-nous-sc\/","name":"\u00c0 propos de ÐÇ¿Õ´«Ã½ Industries | ÐÇ¿Õ´«Ã½ | TCi","isPartOf":{"@id":"https:\/\/www.tigercat.com\/fr\/#website"},"datePublished":"2020-12-07T14:54:38+00:00","dateModified":"2025-10-14T11:54:34+00:00","description":"D\u00e9couvrez le pass\u00e9 et le pr\u00e9sent de ÐÇ¿Õ´«Ã½ Industries. D\u00e9couvrez l\u2019histoire, les employ\u00e9s, les valeurs de l\u2019entreprise, ainsi que les marques ÐÇ¿Õ´«Ã½ et TCi.","breadcrumb":{"@id":"https:\/\/www.tigercat.com\/fr\/a-propos-de-nous-sc\/#breadcrumb"},"inLanguage":"fr","potentialAction":[{"@type":"ReadAction","target":["https:\/\/www.tigercat.com\/fr\/a-propos-de-nous-sc\/"]}]},{"@type":"BreadcrumbList","@id":"https:\/\/www.tigercat.com\/fr\/a-propos-de-nous-sc\/#breadcrumb","itemListElement":[{"@type":"ListItem","position":1,"name":"Home","item":"https:\/\/www.tigercat.com\/fr\/"},{"@type":"ListItem","position":2,"name":"\u00c0 propos de ÐÇ¿Õ´«Ã½ Industries"}]},{"@type":"WebSite","@id":"https:\/\/www.tigercat.com\/fr\/#website","url":"https:\/\/www.tigercat.com\/fr\/","name":"%%title%%","description":"","publisher":{"@id":"https:\/\/www.tigercat.com\/fr\/#organization"},"potentialAction":[{"@type":"SearchAction","target":{"@type":"EntryPoint","urlTemplate":"https:\/\/www.tigercat.com\/fr\/?s={search_term_string}"},"query-input":{"@type":"PropertyValueSpecification","valueRequired":true,"valueName":"search_term_string"}}],"inLanguage":"fr"},{"@type":"Organization","@id":"https:\/\/www.tigercat.com\/fr\/#organization","name":"ÐÇ¿Õ´«Ã½ Industries Inc","url":"https:\/\/www.tigercat.com\/fr\/","logo":{"@type":"ImageObject","inLanguage":"fr","@id":"https:\/\/www.tigercat.com\/fr\/#\/schema\/logo\/image\/","url":"https:\/\/www.tigercat.com\/wp-content\/uploads\/2017\/04\/tigercat_logo_700.png","contentUrl":"https:\/\/www.tigercat.com\/wp-content\/uploads\/2017\/04\/tigercat_logo_700.png","width":700,"height":186,"caption":"ÐÇ¿Õ´«Ã½ Industries Inc"},"image":{"@id":"https:\/\/www.tigercat.com\/fr\/#\/schema\/logo\/image\/"},"sameAs":["http:\/\/www.facebook.com\/ÐÇ¿Õ´«Ã½\/","http:\/\/www.linkedin.com\/company\/tigercat-inc-?trk=top_nav_home","http:\/\/www.youtube.com\/user\/ÐÇ¿Õ´«Ã½Forestry","https:\/\/www.instagram.com\/tigercat_machines\/"]}]}},"_links":{"self":[{"href":"https:\/\/www.tigercat.com\/fr\/wp-json\/wp\/v2\/pages\/66906","targetHints":{"allow":["GET"]}}],"collection":[{"href":"https:\/\/www.tigercat.com\/fr\/wp-json\/wp\/v2\/pages"}],"about":[{"href":"https:\/\/www.tigercat.com\/fr\/wp-json\/wp\/v2\/types\/page"}],"author":[{"embeddable":true,"href":"https:\/\/www.tigercat.com\/fr\/wp-json\/wp\/v2\/users\/7"}],"replies":[{"embeddable":true,"href":"https:\/\/www.tigercat.com\/fr\/wp-json\/wp\/v2\/comments?post=66906"}],"version-history":[{"count":0,"href":"https:\/\/www.tigercat.com\/fr\/wp-json\/wp\/v2\/pages\/66906\/revisions"}],"wp:attachment":[{"href":"https:\/\/www.tigercat.com\/fr\/wp-json\/wp\/v2\/media?parent=66906"}],"curies":[{"name":"wp","href":"https:\/\/api.w.org\/{rel}","templated":true}]}}